{"id":883,"date":"2020-09-15T12:56:48","date_gmt":"2020-09-15T12:56:48","guid":{"rendered":"https:\/\/neu.zenag.ch\/produits\/air-comprime\/accessoires-dair-comprime\/"},"modified":"2022-08-30T16:05:59","modified_gmt":"2022-08-30T14:05:59","slug":"accessoires-dair-comprime","status":"publish","type":"page","link":"https:\/\/zenag0.serviceteamwallis.ch\/fr\/produits\/air-comprime\/accessoires-dair-comprime\/","title":{"rendered":"Accessoires d&rsquo;air comprim\u00e9"},"content":{"rendered":"<div id='av_section_1'  class='avia-section av-kbufzd3s-dd428f854b73db9c732bdb3b761e163e main_color avia-section-default avia-shadow  avia-builder-el-0  avia-builder-el-no-sibling  avia-bg-style-scroll container_wrap sidebar_left'  ><div class='container av-section-cont-open' ><main  role=\"main\" itemprop=\"mainContentOfPage\"  class='template-page content  av-content-small units'><div class='post-entry post-entry-type-page post-entry-883'><div class='entry-content-wrapper clearfix'>\n\n<style type=\"text\/css\" data-created_by=\"avia_inline_auto\" id=\"style-css-av-38q1-59d4a1d61c1719c885de0a85685ce4ed\">\n.flex_column.av-38q1-59d4a1d61c1719c885de0a85685ce4ed{\n-webkit-border-radius:0px 0px 0px 0px;\n-moz-border-radius:0px 0px 0px 0px;\nborder-radius:0px 0px 0px 0px;\npadding:0px 0px 0px 0px;\n}\n<\/style>\n<div  class='flex_column av-38q1-59d4a1d61c1719c885de0a85685ce4ed av_three_fifth  avia-builder-el-1  el_before_av_one_third  avia-builder-el-first  first flex_column_div av-zero-column-padding  '     ><section  class='av_textblock_section av-jxk41cbl-e5c5015f260e162d5169f2a662c2c3bd '   itemscope=\"itemscope\" itemtype=\"https:\/\/schema.org\/CreativeWork\" ><div class='avia_textblock'  itemprop=\"text\" ><h1>Accessoires d&rsquo;air comprim\u00e9<\/h1>\n<p><img loading=\"lazy\" decoding=\"async\" class=\"alignnone wp-image-246\" src=\"https:\/\/zenag.ch\/wp-content\/uploads\/2020\/09\/fini.png\" alt=\"\" width=\"161\" height=\"99\" srcset=\"https:\/\/zenag0.serviceteamwallis.ch\/wp-content\/uploads\/2020\/09\/fini.png 933w, https:\/\/zenag0.serviceteamwallis.ch\/wp-content\/uploads\/2020\/09\/fini-768x472.png 768w, https:\/\/zenag0.serviceteamwallis.ch\/wp-content\/uploads\/2020\/09\/fini-705x434.png 705w\" sizes=\"auto, (max-width: 161px) 100vw, 161px\" \/> \u00a0<img loading=\"lazy\" decoding=\"async\" class=\"alignnone size-full wp-image-263\" src=\"https:\/\/zenag.ch\/wp-content\/uploads\/2020\/09\/GAV-2.png\" alt=\"\" width=\"160\" height=\"79\" \/><\/p>\n<h1><\/h1>\n<\/div><\/section><\/div>\n<style type=\"text\/css\" data-created_by=\"avia_inline_auto\" id=\"style-css-av-15j1g-5b52576f955449716617c1149b79c79a\">\n.flex_column.av-15j1g-5b52576f955449716617c1149b79c79a{\n-webkit-border-radius:0px 0px 0px 0px;\n-moz-border-radius:0px 0px 0px 0px;\nborder-radius:0px 0px 0px 0px;\npadding:0px 0px 0px 0px;\n}\n<\/style>\n<div  class='flex_column av-15j1g-5b52576f955449716617c1149b79c79a av_one_third  avia-builder-el-3  el_after_av_three_fifth  el_before_av_tab_container  flex_column_div av-zero-column-padding  '     ><style type=\"text\/css\" data-created_by=\"avia_inline_auto\" id=\"style-css-av-kbug0brj-30cca6de77a91d9b952a07e88cd6b7f0\">\n.avia-image-container.av-kbug0brj-30cca6de77a91d9b952a07e88cd6b7f0 img.avia_image{\nbox-shadow:none;\n}\n.avia-image-container.av-kbug0brj-30cca6de77a91d9b952a07e88cd6b7f0 .av-image-caption-overlay-center{\ncolor:#ffffff;\n}\n<\/style>\n<div  class='avia-image-container av-kbug0brj-30cca6de77a91d9b952a07e88cd6b7f0 av-styling- avia-align-center  avia-builder-el-4  avia-builder-el-no-sibling '   itemprop=\"image\" itemscope=\"itemscope\" itemtype=\"https:\/\/schema.org\/ImageObject\" ><div class=\"avia-image-container-inner\"><div class=\"avia-image-overlay-wrap\"><a href=\"https:\/\/zenag0.serviceteamwallis.ch\/wp-content\/uploads\/2020\/09\/druckluftzubehoer-2.jpg\" class='avia_image' ><img decoding=\"async\" class='wp-image-677 avia-img-lazy-loading-not-677 avia_image ' src=\"https:\/\/zenag0.serviceteamwallis.ch\/wp-content\/uploads\/2020\/09\/druckluftzubehoer-2.jpg\" alt='druckluftzubeh\u00f6r' title='Druckluftzubeh\u00f6r'  height=\"340\" width=\"454\"  itemprop=\"thumbnailUrl\"  \/><\/a><\/div><\/div><\/div><\/div><div  class='tabcontainer av-kes9mwix-fe105fb9628707948f1685da3ee90a97 top_tab  avia-builder-el-5  el_after_av_one_third  avia-builder-el-last ' role='tablist'>\n<section class='av_tab_section av_tab_section av-1ejtki-9c9cce2bb41c02ae1de5fb936e34bbbd'  itemscope=\"itemscope\" itemtype=\"https:\/\/schema.org\/CreativeWork\" ><div class='tab active_tab' role='tab' tabindex='0' data-fake-id='#tab-id-1' aria-controls='tab-id-1-content'  itemprop=\"headline\" ><span class='tab_icon' aria-hidden='true' data-av_icon='\ue817' data-av_iconfont='entypo-fontello'><\/span>Pistoles d\u2019air comprim\u00e9 + Tuyaux <\/div><div id='tab-id-1-content' class='tab_content active_tab_content' aria-hidden=\"false\"><div class='tab_inner_content invers-color'  itemprop=\"text\" ><p><span style=\"color: #00b3ef;\"><a style=\"color: #00b3ef;\" href=\"https:\/\/zenag.ch\/wp-content\/uploads\/2022\/03\/Prospekt-1-1.pdf\" target=\"_blank\" rel=\"noopener\">Prospectus<\/a><\/span><\/p>\n<\/div><\/div><\/section>\n<section class='av_tab_section av_tab_section av-183496-792b22d0249875b290a0075207159dc5'  itemscope=\"itemscope\" itemtype=\"https:\/\/schema.org\/CreativeWork\" ><div class='tab' role='tab' tabindex='0' data-fake-id='#tab-id-2' aria-controls='tab-id-2-content'  itemprop=\"headline\" ><span class='tab_icon' aria-hidden='true' data-av_icon='\ue817' data-av_iconfont='entypo-fontello'><\/span>R\u00e9ducteurs de pression + Manom\u00e8tres + Accouplements + Raccords tuyaux<\/div><div id='tab-id-2-content' class='tab_content' aria-hidden=\"true\"><div class='tab_inner_content invers-color'  itemprop=\"text\" ><p><span style=\"color: #00b3ef;\"><a style=\"color: #00b3ef;\" href=\"https:\/\/zenag.ch\/wp-content\/uploads\/2022\/03\/Prospekt-2-1.pdf\" target=\"_blank\" rel=\"noopener\">Prospectus<\/a><\/span><\/p>\n<\/div><\/div><\/section>\n<section class='av_tab_section av_tab_section av-alqqi-2efdb5f470b40aade47d0361990ef008'  itemscope=\"itemscope\" itemtype=\"https:\/\/schema.org\/CreativeWork\" ><div class='tab' role='tab' tabindex='0' data-fake-id='#tab-id-3' aria-controls='tab-id-3-content'  itemprop=\"headline\" ><span class='tab_icon' aria-hidden='true' data-av_icon='\ue817' data-av_iconfont='entypo-fontello'><\/span>R\u00e9servoirs + Filtres<\/div><div id='tab-id-3-content' class='tab_content' aria-hidden=\"true\"><div class='tab_inner_content invers-color'  itemprop=\"text\" ><p><a href=\"https:\/\/zenag.ch\/wp-content\/uploads\/2022\/08\/Prospekt-fra-1.pdf\" target=\"_blank\" rel=\"noopener\">Prospectus<\/a><\/p>\n<\/div><\/div><\/section>\n<section class='av_tab_section av_tab_section av-wmtnu-201f80544a072c2749d9c5a23062b7bc'  itemscope=\"itemscope\" itemtype=\"https:\/\/schema.org\/CreativeWork\" ><div class='tab' role='tab' tabindex='0' data-fake-id='#tab-id-4' aria-controls='tab-id-4-content'  itemprop=\"headline\" ><span class='tab_icon' aria-hidden='true' data-av_icon='\ue817' data-av_iconfont='entypo-fontello'><\/span>Robinets d\u2019air + Pressostats<\/div><div id='tab-id-4-content' class='tab_content' aria-hidden=\"true\"><div class='tab_inner_content invers-color'  itemprop=\"text\" ><p><span style=\"color: #00b3ef;\"><a style=\"color: #00b3ef;\" href=\"https:\/\/zenag.ch\/wp-content\/uploads\/2020\/09\/LuftabstellhaehneDruckregler.pdf\" target=\"_blank\" rel=\"noopener\">Prospectus<\/a><\/span><\/p>\n<\/div><\/div><\/section>\n<section class='av_tab_section av_tab_section av-2v5ey-d021b277f5c2e36e3db324322c9379a3'  itemscope=\"itemscope\" itemtype=\"https:\/\/schema.org\/CreativeWork\" ><div class='tab' role='tab' tabindex='0' data-fake-id='#tab-id-5' aria-controls='tab-id-5-content'  itemprop=\"headline\" ><span class='tab_icon' aria-hidden='true' data-av_icon='\ue817' data-av_iconfont='entypo-fontello'><\/span>Filtres d\u2019air + Soupapes de retenue + Tubes polyamide<\/div><div id='tab-id-5-content' class='tab_content' aria-hidden=\"true\"><div class='tab_inner_content invers-color'  itemprop=\"text\" ><p><span style=\"color: #00b3ef;\"><a style=\"color: #00b3ef;\" href=\"https:\/\/zenag.ch\/wp-content\/uploads\/2021\/10\/Prospekt.pdf\" target=\"_blank\" rel=\"noopener\">Prospectus<\/a><\/span><\/p>\n<\/div><\/div><\/section>\n<section class='av_tab_section av_tab_section av-iuoju-4f50629dbd7f7db317b21cef7e1773bb'  itemscope=\"itemscope\" itemtype=\"https:\/\/schema.org\/CreativeWork\" ><div class='tab' role='tab' tabindex='0' data-fake-id='#tab-id-6' aria-controls='tab-id-6-content'  itemprop=\"headline\" ><span class='tab_icon' aria-hidden='true' data-av_icon='\ue817' data-av_iconfont='entypo-fontello'><\/span>Unions + R\u00e9ductions + Tubulures doubles<\/div><div id='tab-id-6-content' class='tab_content' aria-hidden=\"true\"><div class='tab_inner_content invers-color'  itemprop=\"text\" ><p><span style=\"color: #00b3ef;\"><a style=\"color: #00b3ef;\" href=\"https:\/\/zenag.ch\/wp-content\/uploads\/2022\/03\/Prospekt-6.pdf\" target=\"_blank\" rel=\"noopener\">Prospectus<\/a><\/span><\/p>\n<\/div><\/div><\/section>\n<section class='av_tab_section av_tab_section av-hevky-de3dd7bf37f0f137b2d1093f1f67ca6d'  itemscope=\"itemscope\" itemtype=\"https:\/\/schema.org\/CreativeWork\" ><div class='tab' role='tab' tabindex='0' data-fake-id='#tab-id-7' aria-controls='tab-id-7-content'  itemprop=\"headline\" ><span class='tab_icon' aria-hidden='true' data-av_icon='\ue817' data-av_iconfont='entypo-fontello'><\/span>Raccords instantan\u00e9s & coud\u00e9 + Colliers \u00e0 deux oreilles<\/div><div id='tab-id-7-content' class='tab_content' aria-hidden=\"true\"><div class='tab_inner_content invers-color'  itemprop=\"text\" ><p><span style=\"color: #00b3ef;\"><a style=\"color: #00b3ef;\" href=\"https:\/\/zenag.ch\/wp-content\/uploads\/2020\/09\/Prospekt-15.pdf\" target=\"_blank\" rel=\"noopener\">Prospectus<\/a><\/span><\/p>\n<\/div><\/div><\/section>\n<section class='av_tab_section av_tab_section av-bcem2-dac236e9b5f74b8e8eca174787f3e17d'  itemscope=\"itemscope\" itemtype=\"https:\/\/schema.org\/CreativeWork\" ><div class='tab' role='tab' tabindex='0' data-fake-id='#tab-id-8' aria-controls='tab-id-8-content'  itemprop=\"headline\" ><span class='tab_icon' aria-hidden='true' data-av_icon='\ue817' data-av_iconfont='entypo-fontello'><\/span>pistolets d\u2019air comprim\u00e9 divers<\/div><div id='tab-id-8-content' class='tab_content' aria-hidden=\"true\"><div class='tab_inner_content invers-color'  itemprop=\"text\" ><p><span style=\"color: #00b3ef;\"><a style=\"color: #00b3ef;\" href=\"https:\/\/zenag.ch\/wp-content\/uploads\/2022\/03\/Prospekt-8-2.pdf\" target=\"_blank\" rel=\"noopener\">Prospectus<\/a><\/span><\/p>\n<\/div><\/div><\/section>\n<\/div>\n<\/div><\/div><\/main><!-- close content main element --><\/div><\/div><div id='after_section_1'  class='main_color av_default_container_wrap container_wrap sidebar_left'  ><div class='container av-section-cont-open' ><div class='template-page content  av-content-small units'><div class='post-entry post-entry-type-page post-entry-883'><div class='entry-content-wrapper clearfix'>\n","protected":false},"excerpt":{"rendered":"","protected":false},"author":4,"featured_media":0,"parent":863,"menu_order":4,"comment_status":"closed","ping_status":"closed","template":"","meta":{"footnotes":""},"class_list":["post-883","page","type-page","status-publish","hentry"],"yoast_head":"<!-- This site is optimized with the Yoast SEO plugin v27.4 - https:\/\/yoast.com\/product\/yoast-seo-wordpress\/ -->\n<title>Accessoires d&#039;air comprim\u00e9 &#8211; ZENAG<\/title>\n<meta name=\"robots\" content=\"index, follow, max-snippet:-1, max-image-preview:large, max-video-preview:-1\" \/>\n<link rel=\"canonical\" href=\"https:\/\/zenag0.serviceteamwallis.ch\/fr\/produits\/air-comprime\/accessoires-dair-comprime\/\" \/>\n<meta property=\"og:locale\" content=\"fr_FR\" \/>\n<meta property=\"og:type\" content=\"article\" \/>\n<meta property=\"og:title\" content=\"Accessoires d&#039;air comprim\u00e9 &#8211; ZENAG\" \/>\n<meta property=\"og:url\" content=\"https:\/\/zenag0.serviceteamwallis.ch\/fr\/produits\/air-comprime\/accessoires-dair-comprime\/\" \/>\n<meta property=\"og:site_name\" content=\"ZENAG\" \/>\n<meta property=\"article:publisher\" content=\"https:\/\/www.facebook.com\/zenaggmbh\" \/>\n<meta property=\"article:modified_time\" content=\"2022-08-30T14:05:59+00:00\" \/>\n<meta property=\"og:image\" content=\"https:\/\/zenag.ch\/wp-content\/uploads\/2020\/09\/fini.png\" \/>\n<meta name=\"twitter:card\" content=\"summary_large_image\" \/>\n<meta name=\"twitter:label1\" content=\"Dur\u00e9e de lecture estim\u00e9e\" \/>\n\t<meta name=\"twitter:data1\" content=\"2 minutes\" \/>\n<script type=\"application\/ld+json\" class=\"yoast-schema-graph\">{\"@context\":\"https:\\\/\\\/schema.org\",\"@graph\":[{\"@type\":\"WebPage\",\"@id\":\"https:\\\/\\\/zenag0.serviceteamwallis.ch\\\/fr\\\/produits\\\/air-comprime\\\/accessoires-dair-comprime\\\/\",\"url\":\"https:\\\/\\\/zenag0.serviceteamwallis.ch\\\/fr\\\/produits\\\/air-comprime\\\/accessoires-dair-comprime\\\/\",\"name\":\"Accessoires d'air comprim\u00e9 &#8211; ZENAG\",\"isPartOf\":{\"@id\":\"https:\\\/\\\/zenag0.serviceteamwallis.ch\\\/fr\\\/#website\"},\"primaryImageOfPage\":{\"@id\":\"https:\\\/\\\/zenag0.serviceteamwallis.ch\\\/fr\\\/produits\\\/air-comprime\\\/accessoires-dair-comprime\\\/#primaryimage\"},\"image\":{\"@id\":\"https:\\\/\\\/zenag0.serviceteamwallis.ch\\\/fr\\\/produits\\\/air-comprime\\\/accessoires-dair-comprime\\\/#primaryimage\"},\"thumbnailUrl\":\"https:\\\/\\\/zenag.ch\\\/wp-content\\\/uploads\\\/2020\\\/09\\\/fini.png\",\"datePublished\":\"2020-09-15T12:56:48+00:00\",\"dateModified\":\"2022-08-30T14:05:59+00:00\",\"breadcrumb\":{\"@id\":\"https:\\\/\\\/zenag0.serviceteamwallis.ch\\\/fr\\\/produits\\\/air-comprime\\\/accessoires-dair-comprime\\\/#breadcrumb\"},\"inLanguage\":\"fr-FR\",\"potentialAction\":[{\"@type\":\"ReadAction\",\"target\":[\"https:\\\/\\\/zenag0.serviceteamwallis.ch\\\/fr\\\/produits\\\/air-comprime\\\/accessoires-dair-comprime\\\/\"]}]},{\"@type\":\"ImageObject\",\"inLanguage\":\"fr-FR\",\"@id\":\"https:\\\/\\\/zenag0.serviceteamwallis.ch\\\/fr\\\/produits\\\/air-comprime\\\/accessoires-dair-comprime\\\/#primaryimage\",\"url\":\"https:\\\/\\\/zenag.ch\\\/wp-content\\\/uploads\\\/2020\\\/09\\\/fini.png\",\"contentUrl\":\"https:\\\/\\\/zenag.ch\\\/wp-content\\\/uploads\\\/2020\\\/09\\\/fini.png\"},{\"@type\":\"BreadcrumbList\",\"@id\":\"https:\\\/\\\/zenag0.serviceteamwallis.ch\\\/fr\\\/produits\\\/air-comprime\\\/accessoires-dair-comprime\\\/#breadcrumb\",\"itemListElement\":[{\"@type\":\"ListItem\",\"position\":1,\"name\":\"Startseite\",\"item\":\"https:\\\/\\\/zenag0.serviceteamwallis.ch\\\/fr\\\/\"},{\"@type\":\"ListItem\",\"position\":2,\"name\":\"Produits\",\"item\":\"https:\\\/\\\/zenag0.serviceteamwallis.ch\\\/fr\\\/?page_id=861\"},{\"@type\":\"ListItem\",\"position\":3,\"name\":\"Air comprim\u00e9\",\"item\":\"https:\\\/\\\/zenag0.serviceteamwallis.ch\\\/fr\\\/produits\\\/air-comprime\\\/\"},{\"@type\":\"ListItem\",\"position\":4,\"name\":\"Accessoires d&rsquo;air comprim\u00e9\"}]},{\"@type\":\"WebSite\",\"@id\":\"https:\\\/\\\/zenag0.serviceteamwallis.ch\\\/fr\\\/#website\",\"url\":\"https:\\\/\\\/zenag0.serviceteamwallis.ch\\\/fr\\\/\",\"name\":\"ZENAG\",\"description\":\"Druckluft-, Notstrom- &amp; Schweisstechnik\",\"publisher\":{\"@id\":\"https:\\\/\\\/zenag0.serviceteamwallis.ch\\\/fr\\\/#organization\"},\"potentialAction\":[{\"@type\":\"SearchAction\",\"target\":{\"@type\":\"EntryPoint\",\"urlTemplate\":\"https:\\\/\\\/zenag0.serviceteamwallis.ch\\\/fr\\\/?s={search_term_string}\"},\"query-input\":{\"@type\":\"PropertyValueSpecification\",\"valueRequired\":true,\"valueName\":\"search_term_string\"}}],\"inLanguage\":\"fr-FR\"},{\"@type\":\"Organization\",\"@id\":\"https:\\\/\\\/zenag0.serviceteamwallis.ch\\\/fr\\\/#organization\",\"name\":\"Zenag Druckluft-, Notstrom- & Schweisstechnik GmbH\",\"url\":\"https:\\\/\\\/zenag0.serviceteamwallis.ch\\\/fr\\\/\",\"logo\":{\"@type\":\"ImageObject\",\"inLanguage\":\"fr-FR\",\"@id\":\"https:\\\/\\\/zenag0.serviceteamwallis.ch\\\/fr\\\/#\\\/schema\\\/logo\\\/image\\\/\",\"url\":\"https:\\\/\\\/zenag.ch\\\/wp-content\\\/uploads\\\/2020\\\/10\\\/logo.png\",\"contentUrl\":\"https:\\\/\\\/zenag.ch\\\/wp-content\\\/uploads\\\/2020\\\/10\\\/logo.png\",\"width\":300,\"height\":363,\"caption\":\"Zenag Druckluft-, Notstrom- & Schweisstechnik GmbH\"},\"image\":{\"@id\":\"https:\\\/\\\/zenag0.serviceteamwallis.ch\\\/fr\\\/#\\\/schema\\\/logo\\\/image\\\/\"},\"sameAs\":[\"https:\\\/\\\/www.facebook.com\\\/zenaggmbh\",\"https:\\\/\\\/www.instagram.com\\\/zenag1_gmbh\\\/\",\"https:\\\/\\\/www.linkedin.com\\\/company\\\/65187570\\\/\"]}]}<\/script>\n<!-- \/ Yoast SEO plugin. -->","yoast_head_json":{"title":"Accessoires d'air comprim\u00e9 &#8211; ZENAG","robots":{"index":"index","follow":"follow","max-snippet":"max-snippet:-1","max-image-preview":"max-image-preview:large","max-video-preview":"max-video-preview:-1"},"canonical":"https:\/\/zenag0.serviceteamwallis.ch\/fr\/produits\/air-comprime\/accessoires-dair-comprime\/","og_locale":"fr_FR","og_type":"article","og_title":"Accessoires d'air comprim\u00e9 &#8211; ZENAG","og_url":"https:\/\/zenag0.serviceteamwallis.ch\/fr\/produits\/air-comprime\/accessoires-dair-comprime\/","og_site_name":"ZENAG","article_publisher":"https:\/\/www.facebook.com\/zenaggmbh","article_modified_time":"2022-08-30T14:05:59+00:00","og_image":[{"url":"https:\/\/zenag.ch\/wp-content\/uploads\/2020\/09\/fini.png","type":"","width":"","height":""}],"twitter_card":"summary_large_image","twitter_misc":{"Dur\u00e9e de lecture estim\u00e9e":"2 minutes"},"schema":{"@context":"https:\/\/schema.org","@graph":[{"@type":"WebPage","@id":"https:\/\/zenag0.serviceteamwallis.ch\/fr\/produits\/air-comprime\/accessoires-dair-comprime\/","url":"https:\/\/zenag0.serviceteamwallis.ch\/fr\/produits\/air-comprime\/accessoires-dair-comprime\/","name":"Accessoires d'air comprim\u00e9 &#8211; ZENAG","isPartOf":{"@id":"https:\/\/zenag0.serviceteamwallis.ch\/fr\/#website"},"primaryImageOfPage":{"@id":"https:\/\/zenag0.serviceteamwallis.ch\/fr\/produits\/air-comprime\/accessoires-dair-comprime\/#primaryimage"},"image":{"@id":"https:\/\/zenag0.serviceteamwallis.ch\/fr\/produits\/air-comprime\/accessoires-dair-comprime\/#primaryimage"},"thumbnailUrl":"https:\/\/zenag.ch\/wp-content\/uploads\/2020\/09\/fini.png","datePublished":"2020-09-15T12:56:48+00:00","dateModified":"2022-08-30T14:05:59+00:00","breadcrumb":{"@id":"https:\/\/zenag0.serviceteamwallis.ch\/fr\/produits\/air-comprime\/accessoires-dair-comprime\/#breadcrumb"},"inLanguage":"fr-FR","potentialAction":[{"@type":"ReadAction","target":["https:\/\/zenag0.serviceteamwallis.ch\/fr\/produits\/air-comprime\/accessoires-dair-comprime\/"]}]},{"@type":"ImageObject","inLanguage":"fr-FR","@id":"https:\/\/zenag0.serviceteamwallis.ch\/fr\/produits\/air-comprime\/accessoires-dair-comprime\/#primaryimage","url":"https:\/\/zenag.ch\/wp-content\/uploads\/2020\/09\/fini.png","contentUrl":"https:\/\/zenag.ch\/wp-content\/uploads\/2020\/09\/fini.png"},{"@type":"BreadcrumbList","@id":"https:\/\/zenag0.serviceteamwallis.ch\/fr\/produits\/air-comprime\/accessoires-dair-comprime\/#breadcrumb","itemListElement":[{"@type":"ListItem","position":1,"name":"Startseite","item":"https:\/\/zenag0.serviceteamwallis.ch\/fr\/"},{"@type":"ListItem","position":2,"name":"Produits","item":"https:\/\/zenag0.serviceteamwallis.ch\/fr\/?page_id=861"},{"@type":"ListItem","position":3,"name":"Air comprim\u00e9","item":"https:\/\/zenag0.serviceteamwallis.ch\/fr\/produits\/air-comprime\/"},{"@type":"ListItem","position":4,"name":"Accessoires d&rsquo;air comprim\u00e9"}]},{"@type":"WebSite","@id":"https:\/\/zenag0.serviceteamwallis.ch\/fr\/#website","url":"https:\/\/zenag0.serviceteamwallis.ch\/fr\/","name":"ZENAG","description":"Druckluft-, Notstrom- &amp; Schweisstechnik","publisher":{"@id":"https:\/\/zenag0.serviceteamwallis.ch\/fr\/#organization"},"potentialAction":[{"@type":"SearchAction","target":{"@type":"EntryPoint","urlTemplate":"https:\/\/zenag0.serviceteamwallis.ch\/fr\/?s={search_term_string}"},"query-input":{"@type":"PropertyValueSpecification","valueRequired":true,"valueName":"search_term_string"}}],"inLanguage":"fr-FR"},{"@type":"Organization","@id":"https:\/\/zenag0.serviceteamwallis.ch\/fr\/#organization","name":"Zenag Druckluft-, Notstrom- & Schweisstechnik GmbH","url":"https:\/\/zenag0.serviceteamwallis.ch\/fr\/","logo":{"@type":"ImageObject","inLanguage":"fr-FR","@id":"https:\/\/zenag0.serviceteamwallis.ch\/fr\/#\/schema\/logo\/image\/","url":"https:\/\/zenag.ch\/wp-content\/uploads\/2020\/10\/logo.png","contentUrl":"https:\/\/zenag.ch\/wp-content\/uploads\/2020\/10\/logo.png","width":300,"height":363,"caption":"Zenag Druckluft-, Notstrom- & Schweisstechnik GmbH"},"image":{"@id":"https:\/\/zenag0.serviceteamwallis.ch\/fr\/#\/schema\/logo\/image\/"},"sameAs":["https:\/\/www.facebook.com\/zenaggmbh","https:\/\/www.instagram.com\/zenag1_gmbh\/","https:\/\/www.linkedin.com\/company\/65187570\/"]}]}},"_links":{"self":[{"href":"https:\/\/zenag0.serviceteamwallis.ch\/fr\/wp-json\/wp\/v2\/pages\/883","targetHints":{"allow":["GET"]}}],"collection":[{"href":"https:\/\/zenag0.serviceteamwallis.ch\/fr\/wp-json\/wp\/v2\/pages"}],"about":[{"href":"https:\/\/zenag0.serviceteamwallis.ch\/fr\/wp-json\/wp\/v2\/types\/page"}],"author":[{"embeddable":true,"href":"https:\/\/zenag0.serviceteamwallis.ch\/fr\/wp-json\/wp\/v2\/users\/4"}],"replies":[{"embeddable":true,"href":"https:\/\/zenag0.serviceteamwallis.ch\/fr\/wp-json\/wp\/v2\/comments?post=883"}],"version-history":[{"count":69,"href":"https:\/\/zenag0.serviceteamwallis.ch\/fr\/wp-json\/wp\/v2\/pages\/883\/revisions"}],"predecessor-version":[{"id":4737,"href":"https:\/\/zenag0.serviceteamwallis.ch\/fr\/wp-json\/wp\/v2\/pages\/883\/revisions\/4737"}],"up":[{"embeddable":true,"href":"https:\/\/zenag0.serviceteamwallis.ch\/fr\/wp-json\/wp\/v2\/pages\/863"}],"wp:attachment":[{"href":"https:\/\/zenag0.serviceteamwallis.ch\/fr\/wp-json\/wp\/v2\/media?parent=883"}],"curies":[{"name":"wp","href":"https:\/\/api.w.org\/{rel}","templated":true}]}}