{"id":2921,"date":"2021-06-16T13:50:04","date_gmt":"2021-06-16T11:50:04","guid":{"rendered":"https:\/\/zenag.ch\/a-propos\/histoire\/"},"modified":"2022-08-09T13:16:38","modified_gmt":"2022-08-09T11:16:38","slug":"histoire","status":"publish","type":"page","link":"https:\/\/zenag0.serviceteamwallis.ch\/fr\/a-propos\/histoire\/","title":{"rendered":"Histoire"},"content":{"rendered":"<div id='av_section_1'  class='avia-section av-kbufzd3s-dd428f854b73db9c732bdb3b761e163e main_color avia-section-default avia-shadow  avia-builder-el-0  avia-builder-el-no-sibling  avia-bg-style-scroll container_wrap sidebar_left'  ><div class='container av-section-cont-open' ><main  role=\"main\" itemprop=\"mainContentOfPage\"  class='template-page content  av-content-small units'><div class='post-entry post-entry-type-page post-entry-2921'><div class='entry-content-wrapper clearfix'>\n\n<style type=\"text\/css\" data-created_by=\"avia_inline_auto\" id=\"style-css-av-38q1-59d4a1d61c1719c885de0a85685ce4ed\">\n.flex_column.av-38q1-59d4a1d61c1719c885de0a85685ce4ed{\n-webkit-border-radius:0px 0px 0px 0px;\n-moz-border-radius:0px 0px 0px 0px;\nborder-radius:0px 0px 0px 0px;\npadding:0px 0px 0px 0px;\n}\n<\/style>\n<div  class='flex_column av-38q1-59d4a1d61c1719c885de0a85685ce4ed av_one_half  avia-builder-el-1  el_before_av_one_half  avia-builder-el-first  first flex_column_div av-zero-column-padding  '     ><section  class='av_textblock_section av-jxk41cbl-de8745f204dcd65c5170bef159d7e21a '   itemscope=\"itemscope\" itemtype=\"https:\/\/schema.org\/CreativeWork\" ><div class='avia_textblock'  itemprop=\"text\" ><h1 style=\"text-align: center;\"><span style=\"color: #00b3ef;\"><strong>HISTOIRE<\/strong><\/span><\/h1>\n<p style=\"text-align: center;\"><strong><span style=\"color: #000000;\">1952<\/span><\/strong><br \/>\n<span class=\"JLqJ4b ChMk0b\" data-language-for-alternatives=\"fr\" data-language-to-translate-into=\"de\" data-phrase-index=\"2\">Cr\u00e9ation de Gebr. Zenklusen AG<\/span><br \/>\na<span class=\"JLqJ4b ChMk0b\" data-language-for-alternatives=\"fr\" data-language-to-translate-into=\"de\" data-phrase-index=\"4\">ssemblage des compresseurs ZENAG avec des pi\u00e8ces de l\u2019usine de BRUSCHI en Italie<\/span><\/p>\n<p style=\"text-align: center;\"><strong><span style=\"color: #000000;\">1980<\/span><\/strong><br \/>\n<span class=\"JLqJ4b ChMk0b\" data-language-for-alternatives=\"fr\" data-language-to-translate-into=\"de\" data-phrase-index=\"8\">Reprise de la repr\u00e9sentation des groupes \u00e9lectrog\u00e8nes GENSET<\/span><\/p>\n<p style=\"text-align: center;\"><strong><span style=\"color: #000000;\">1983<\/span><\/strong><br \/>\n<span class=\"JLqJ4b ChMk0b\" data-language-for-alternatives=\"fr\" data-language-to-translate-into=\"de\" data-phrase-index=\"12\">D\u00e9localisation de la production des compresseurs ZENAG vers l\u2019usine FINI en Italie<\/span><\/p>\n<p style=\"text-align: center;\"><strong><span style=\"color: #000000;\">1990<\/span><\/strong><br \/>\n<span class=\"JLqJ4b ChMk0b\" data-language-for-alternatives=\"fr\" data-language-to-translate-into=\"de\" data-phrase-index=\"16\">Reprise de la repr\u00e9sentation des postes \u00e0 souder CEA<\/span><\/p>\n<p style=\"text-align: center;\"><strong><span style=\"color: #000000;\">1995<\/span><\/strong><br \/>\n<span class=\"JLqJ4b ChMk0b\" data-language-for-alternatives=\"fr\" data-language-to-translate-into=\"de\" data-phrase-index=\"20\">Reprise de la repr\u00e9sentation des groupes \u00e9lectrog\u00e8nes MOSA<\/span><\/p>\n<p style=\"text-align: center;\"><strong><span style=\"color: #000000;\">2001<\/span><\/strong><br \/>\n<span class=\"JLqJ4b ChMk0b\" data-language-for-alternatives=\"fr\" data-language-to-translate-into=\"de\" data-phrase-index=\"24\">Fin de la coop\u00e9ration avec des groupes \u00e9lectrog\u00e8nes MOSA<\/span><br \/>\n<span class=\"JLqJ4b ChMk0b\" data-language-for-alternatives=\"fr\" data-language-to-translate-into=\"de\" data-phrase-index=\"26\">Reprise de la repr\u00e9sentation des groupes \u00e9lectrog\u00e8nes MASE<\/span><\/p>\n<p style=\"text-align: center;\"><strong><span style=\"color: #000000;\">2005<\/span><\/strong><br \/>\n<span class=\"JLqJ4b ChMk0b\" data-language-for-alternatives=\"fr\" data-language-to-translate-into=\"de\" data-phrase-index=\"30\">Fondation de l\u2019entreprise \u201cZENAG Druckluft-, Notstrom- &amp; Schweisstechnik GmbH\u201d<\/span><br \/>\n<span class=\"JLqJ4b ChMk0b\" data-language-for-alternatives=\"fr\" data-language-to-translate-into=\"de\" data-phrase-index=\"32\">avec Monsieur Renato Zenklusen en tant que propri\u00e9taire d\u2019entreprise<\/span><\/p>\n<p style=\"text-align: center;\"><strong><span style=\"color: #000000;\">2010<\/span><\/strong><br \/>\n<span class=\"JLqJ4b ChMk0b\" data-language-for-alternatives=\"fr\" data-language-to-translate-into=\"de\" data-phrase-index=\"36\">Reprise de la soci\u00e9t\u00e9 par Monsieur Bernhard Zenh\u00e4usern<br \/>\n<\/span><span class=\"JLqJ4b ChMk0b\" data-language-for-alternatives=\"fr\" data-language-to-translate-into=\"de\" data-phrase-index=\"38\">qui s\u2019occupe de clients dans toute la Suisse depuis 1991<\/span><\/p>\n<p style=\"text-align: center;\"><strong><span style=\"color: #000000;\">2013<\/span><\/strong><br \/>\n<span class=\"JLqJ4b ChMk0b\" data-language-for-alternatives=\"fr\" data-language-to-translate-into=\"de\" data-phrase-index=\"42\">Reprise de la repr\u00e9sentation des compresseurs rotatifs MATTEI<\/span><\/p>\n<p style=\"text-align: center;\"><strong><span style=\"color: #000000;\">2017<\/span><\/strong><br \/>\n<span class=\"JLqJ4b ChMk0b\" data-language-for-alternatives=\"fr\" data-language-to-translate-into=\"de\" data-phrase-index=\"20\">Reprise de la repr\u00e9sentation des compresseurs FIAC<\/span><\/p>\n<p style=\"text-align: center;\"><strong><span style=\"color: #000000;\">2018<\/span><\/strong><br \/>\nNouvel emplacement<br \/>\n<span class=\"VIiyi\" lang=\"fr\"><span class=\"JLqJ4b ChMk0b\" data-language-for-alternatives=\"fr\" data-language-to-translate-into=\"de\" data-phrase-index=\"2\">D\u00e9m\u00e9nagement de la Gliserallee 80 \u00e0 Glis<br \/>\n\u00e0 la Kantonsstrasse 74 \u00e0 Glis<\/span><\/span><\/p>\n<p style=\"text-align: center;\"><strong><span style=\"color: #000000;\">2022<\/span><\/strong><br \/>\nNouvel emplacement<br \/>\n<span class=\"VIiyi\" lang=\"fr\"><span class=\"JLqJ4b ChMk0b\" data-language-for-alternatives=\"fr\" data-language-to-translate-into=\"de\" data-phrase-index=\"2\">D\u00e9m\u00e9nagement de la Kantonsstrasse 74 \u00e0 Glis<br \/>\n\u00e0 la Kantonsstrasse 331 \u00e0 Gamsen<\/span><\/span><\/p>\n<\/div><\/section><\/div>\n<style type=\"text\/css\" data-created_by=\"avia_inline_auto\" id=\"style-css-av-2ta3qk-0ee8708d190a86e6822028fef09c6232\">\n.flex_column.av-2ta3qk-0ee8708d190a86e6822028fef09c6232{\n-webkit-border-radius:0px 0px 0px 0px;\n-moz-border-radius:0px 0px 0px 0px;\nborder-radius:0px 0px 0px 0px;\npadding:0px 0px 0px 0px;\n}\n<\/style>\n<div  class='flex_column av-2ta3qk-0ee8708d190a86e6822028fef09c6232 av_one_half  avia-builder-el-3  el_after_av_one_half  avia-builder-el-last  flex_column_div av-zero-column-padding  '     ><section  class='av_textblock_section av-kpxuqk0i-5a1d83b947a996bcdd98de64ae8e0ebf '   itemscope=\"itemscope\" itemtype=\"https:\/\/schema.org\/CreativeWork\" ><div class='avia_textblock'  itemprop=\"text\" ><h1 style=\"text-align: center;\"><span style=\"color: #00b3ef;\">NOTRE VALEURS AJOUT\u00c9E<\/span><\/h1>\n<p style=\"text-align: center;\"><strong><span style=\"color: #000000;\">existant plus de 65 ann\u00e9es<\/span><\/strong><\/p>\n<p style=\"text-align: center;\"><strong><span style=\"color: #000000;\">conseils professionnels<\/span><\/strong><\/p>\n<p style=\"text-align: center;\"><strong><span style=\"color: #000000;\">after-sales-s\u00e9rvice<\/span><\/strong><\/p>\n<p style=\"text-align: center;\"><strong><span style=\"color: #000000;\">livraisons franco par notre s\u00e9rvice \u00e9xterieur dans la Suisse<\/span><\/strong><\/p>\n<p style=\"text-align: center;\">\n\n<\/div><\/section><\/div><\/div><\/div><\/main><!-- close content main element --><\/div><\/div><div id='after_section_1'  class='main_color av_default_container_wrap container_wrap sidebar_left'  ><div class='container av-section-cont-open' ><div class='template-page content  av-content-small units'><div class='post-entry post-entry-type-page post-entry-2921'><div class='entry-content-wrapper clearfix'>\n","protected":false},"excerpt":{"rendered":"","protected":false},"author":4,"featured_media":0,"parent":854,"menu_order":1,"comment_status":"closed","ping_status":"closed","template":"","meta":{"footnotes":""},"class_list":["post-2921","page","type-page","status-publish","hentry"],"yoast_head":"<!-- This site is optimized with the Yoast SEO plugin v27.4 - https:\/\/yoast.com\/product\/yoast-seo-wordpress\/ -->\n<title>Histoire &#8211; ZENAG<\/title>\n<meta name=\"robots\" content=\"index, follow, max-snippet:-1, max-image-preview:large, max-video-preview:-1\" \/>\n<link rel=\"canonical\" href=\"https:\/\/zenag0.serviceteamwallis.ch\/fr\/a-propos\/histoire\/\" \/>\n<meta property=\"og:locale\" content=\"fr_FR\" \/>\n<meta property=\"og:type\" content=\"article\" \/>\n<meta property=\"og:title\" content=\"Histoire &#8211; ZENAG\" \/>\n<meta property=\"og:url\" content=\"https:\/\/zenag0.serviceteamwallis.ch\/fr\/a-propos\/histoire\/\" \/>\n<meta property=\"og:site_name\" content=\"ZENAG\" \/>\n<meta property=\"article:publisher\" content=\"https:\/\/www.facebook.com\/zenaggmbh\" \/>\n<meta property=\"article:modified_time\" content=\"2022-08-09T11:16:38+00:00\" \/>\n<meta property=\"og:image\" content=\"https:\/\/zenag0.serviceteamwallis.ch\/wp-content\/uploads\/2020\/10\/logo.png\" \/>\n\t<meta property=\"og:image:width\" content=\"300\" \/>\n\t<meta property=\"og:image:height\" content=\"363\" \/>\n\t<meta property=\"og:image:type\" content=\"image\/png\" \/>\n<meta name=\"twitter:card\" content=\"summary_large_image\" \/>\n<meta name=\"twitter:label1\" content=\"Dur\u00e9e de lecture estim\u00e9e\" \/>\n\t<meta name=\"twitter:data1\" content=\"3 minutes\" \/>\n<script type=\"application\/ld+json\" class=\"yoast-schema-graph\">{\"@context\":\"https:\\\/\\\/schema.org\",\"@graph\":[{\"@type\":\"WebPage\",\"@id\":\"https:\\\/\\\/zenag0.serviceteamwallis.ch\\\/fr\\\/a-propos\\\/histoire\\\/\",\"url\":\"https:\\\/\\\/zenag0.serviceteamwallis.ch\\\/fr\\\/a-propos\\\/histoire\\\/\",\"name\":\"Histoire &#8211; ZENAG\",\"isPartOf\":{\"@id\":\"https:\\\/\\\/zenag0.serviceteamwallis.ch\\\/fr\\\/#website\"},\"datePublished\":\"2021-06-16T11:50:04+00:00\",\"dateModified\":\"2022-08-09T11:16:38+00:00\",\"breadcrumb\":{\"@id\":\"https:\\\/\\\/zenag0.serviceteamwallis.ch\\\/fr\\\/a-propos\\\/histoire\\\/#breadcrumb\"},\"inLanguage\":\"fr-FR\",\"potentialAction\":[{\"@type\":\"ReadAction\",\"target\":[\"https:\\\/\\\/zenag0.serviceteamwallis.ch\\\/fr\\\/a-propos\\\/histoire\\\/\"]}]},{\"@type\":\"BreadcrumbList\",\"@id\":\"https:\\\/\\\/zenag0.serviceteamwallis.ch\\\/fr\\\/a-propos\\\/histoire\\\/#breadcrumb\",\"itemListElement\":[{\"@type\":\"ListItem\",\"position\":1,\"name\":\"Startseite\",\"item\":\"https:\\\/\\\/zenag0.serviceteamwallis.ch\\\/fr\\\/\"},{\"@type\":\"ListItem\",\"position\":2,\"name\":\"A propos\",\"item\":\"https:\\\/\\\/zenag0.serviceteamwallis.ch\\\/fr\\\/?page_id=854\"},{\"@type\":\"ListItem\",\"position\":3,\"name\":\"Histoire\"}]},{\"@type\":\"WebSite\",\"@id\":\"https:\\\/\\\/zenag0.serviceteamwallis.ch\\\/fr\\\/#website\",\"url\":\"https:\\\/\\\/zenag0.serviceteamwallis.ch\\\/fr\\\/\",\"name\":\"ZENAG\",\"description\":\"Druckluft-, Notstrom- &amp; Schweisstechnik\",\"publisher\":{\"@id\":\"https:\\\/\\\/zenag0.serviceteamwallis.ch\\\/fr\\\/#organization\"},\"potentialAction\":[{\"@type\":\"SearchAction\",\"target\":{\"@type\":\"EntryPoint\",\"urlTemplate\":\"https:\\\/\\\/zenag0.serviceteamwallis.ch\\\/fr\\\/?s={search_term_string}\"},\"query-input\":{\"@type\":\"PropertyValueSpecification\",\"valueRequired\":true,\"valueName\":\"search_term_string\"}}],\"inLanguage\":\"fr-FR\"},{\"@type\":\"Organization\",\"@id\":\"https:\\\/\\\/zenag0.serviceteamwallis.ch\\\/fr\\\/#organization\",\"name\":\"Zenag Druckluft-, Notstrom- & Schweisstechnik GmbH\",\"url\":\"https:\\\/\\\/zenag0.serviceteamwallis.ch\\\/fr\\\/\",\"logo\":{\"@type\":\"ImageObject\",\"inLanguage\":\"fr-FR\",\"@id\":\"https:\\\/\\\/zenag0.serviceteamwallis.ch\\\/fr\\\/#\\\/schema\\\/logo\\\/image\\\/\",\"url\":\"https:\\\/\\\/zenag.ch\\\/wp-content\\\/uploads\\\/2020\\\/10\\\/logo.png\",\"contentUrl\":\"https:\\\/\\\/zenag.ch\\\/wp-content\\\/uploads\\\/2020\\\/10\\\/logo.png\",\"width\":300,\"height\":363,\"caption\":\"Zenag Druckluft-, Notstrom- & Schweisstechnik GmbH\"},\"image\":{\"@id\":\"https:\\\/\\\/zenag0.serviceteamwallis.ch\\\/fr\\\/#\\\/schema\\\/logo\\\/image\\\/\"},\"sameAs\":[\"https:\\\/\\\/www.facebook.com\\\/zenaggmbh\",\"https:\\\/\\\/www.instagram.com\\\/zenag1_gmbh\\\/\",\"https:\\\/\\\/www.linkedin.com\\\/company\\\/65187570\\\/\"]}]}<\/script>\n<!-- \/ Yoast SEO plugin. -->","yoast_head_json":{"title":"Histoire &#8211; ZENAG","robots":{"index":"index","follow":"follow","max-snippet":"max-snippet:-1","max-image-preview":"max-image-preview:large","max-video-preview":"max-video-preview:-1"},"canonical":"https:\/\/zenag0.serviceteamwallis.ch\/fr\/a-propos\/histoire\/","og_locale":"fr_FR","og_type":"article","og_title":"Histoire &#8211; ZENAG","og_url":"https:\/\/zenag0.serviceteamwallis.ch\/fr\/a-propos\/histoire\/","og_site_name":"ZENAG","article_publisher":"https:\/\/www.facebook.com\/zenaggmbh","article_modified_time":"2022-08-09T11:16:38+00:00","og_image":[{"width":300,"height":363,"url":"https:\/\/zenag0.serviceteamwallis.ch\/wp-content\/uploads\/2020\/10\/logo.png","type":"image\/png"}],"twitter_card":"summary_large_image","twitter_misc":{"Dur\u00e9e de lecture estim\u00e9e":"3 minutes"},"schema":{"@context":"https:\/\/schema.org","@graph":[{"@type":"WebPage","@id":"https:\/\/zenag0.serviceteamwallis.ch\/fr\/a-propos\/histoire\/","url":"https:\/\/zenag0.serviceteamwallis.ch\/fr\/a-propos\/histoire\/","name":"Histoire &#8211; ZENAG","isPartOf":{"@id":"https:\/\/zenag0.serviceteamwallis.ch\/fr\/#website"},"datePublished":"2021-06-16T11:50:04+00:00","dateModified":"2022-08-09T11:16:38+00:00","breadcrumb":{"@id":"https:\/\/zenag0.serviceteamwallis.ch\/fr\/a-propos\/histoire\/#breadcrumb"},"inLanguage":"fr-FR","potentialAction":[{"@type":"ReadAction","target":["https:\/\/zenag0.serviceteamwallis.ch\/fr\/a-propos\/histoire\/"]}]},{"@type":"BreadcrumbList","@id":"https:\/\/zenag0.serviceteamwallis.ch\/fr\/a-propos\/histoire\/#breadcrumb","itemListElement":[{"@type":"ListItem","position":1,"name":"Startseite","item":"https:\/\/zenag0.serviceteamwallis.ch\/fr\/"},{"@type":"ListItem","position":2,"name":"A propos","item":"https:\/\/zenag0.serviceteamwallis.ch\/fr\/?page_id=854"},{"@type":"ListItem","position":3,"name":"Histoire"}]},{"@type":"WebSite","@id":"https:\/\/zenag0.serviceteamwallis.ch\/fr\/#website","url":"https:\/\/zenag0.serviceteamwallis.ch\/fr\/","name":"ZENAG","description":"Druckluft-, Notstrom- &amp; Schweisstechnik","publisher":{"@id":"https:\/\/zenag0.serviceteamwallis.ch\/fr\/#organization"},"potentialAction":[{"@type":"SearchAction","target":{"@type":"EntryPoint","urlTemplate":"https:\/\/zenag0.serviceteamwallis.ch\/fr\/?s={search_term_string}"},"query-input":{"@type":"PropertyValueSpecification","valueRequired":true,"valueName":"search_term_string"}}],"inLanguage":"fr-FR"},{"@type":"Organization","@id":"https:\/\/zenag0.serviceteamwallis.ch\/fr\/#organization","name":"Zenag Druckluft-, Notstrom- & Schweisstechnik GmbH","url":"https:\/\/zenag0.serviceteamwallis.ch\/fr\/","logo":{"@type":"ImageObject","inLanguage":"fr-FR","@id":"https:\/\/zenag0.serviceteamwallis.ch\/fr\/#\/schema\/logo\/image\/","url":"https:\/\/zenag.ch\/wp-content\/uploads\/2020\/10\/logo.png","contentUrl":"https:\/\/zenag.ch\/wp-content\/uploads\/2020\/10\/logo.png","width":300,"height":363,"caption":"Zenag Druckluft-, Notstrom- & Schweisstechnik GmbH"},"image":{"@id":"https:\/\/zenag0.serviceteamwallis.ch\/fr\/#\/schema\/logo\/image\/"},"sameAs":["https:\/\/www.facebook.com\/zenaggmbh","https:\/\/www.instagram.com\/zenag1_gmbh\/","https:\/\/www.linkedin.com\/company\/65187570\/"]}]}},"_links":{"self":[{"href":"https:\/\/zenag0.serviceteamwallis.ch\/fr\/wp-json\/wp\/v2\/pages\/2921","targetHints":{"allow":["GET"]}}],"collection":[{"href":"https:\/\/zenag0.serviceteamwallis.ch\/fr\/wp-json\/wp\/v2\/pages"}],"about":[{"href":"https:\/\/zenag0.serviceteamwallis.ch\/fr\/wp-json\/wp\/v2\/types\/page"}],"author":[{"embeddable":true,"href":"https:\/\/zenag0.serviceteamwallis.ch\/fr\/wp-json\/wp\/v2\/users\/4"}],"replies":[{"embeddable":true,"href":"https:\/\/zenag0.serviceteamwallis.ch\/fr\/wp-json\/wp\/v2\/comments?post=2921"}],"version-history":[{"count":45,"href":"https:\/\/zenag0.serviceteamwallis.ch\/fr\/wp-json\/wp\/v2\/pages\/2921\/revisions"}],"predecessor-version":[{"id":4646,"href":"https:\/\/zenag0.serviceteamwallis.ch\/fr\/wp-json\/wp\/v2\/pages\/2921\/revisions\/4646"}],"up":[{"embeddable":true,"href":"https:\/\/zenag0.serviceteamwallis.ch\/fr\/wp-json\/wp\/v2\/pages\/854"}],"wp:attachment":[{"href":"https:\/\/zenag0.serviceteamwallis.ch\/fr\/wp-json\/wp\/v2\/media?parent=2921"}],"curies":[{"name":"wp","href":"https:\/\/api.w.org\/{rel}","templated":true}]}}