{"id":1295,"date":"2020-09-23T14:19:42","date_gmt":"2020-09-23T14:19:42","guid":{"rendered":"https:\/\/neu.zenag.ch\/contact\/mentions\/"},"modified":"2022-08-04T08:02:21","modified_gmt":"2022-08-04T06:02:21","slug":"mentions","status":"publish","type":"page","link":"https:\/\/zenag0.serviceteamwallis.ch\/fr\/contact\/mentions\/","title":{"rendered":"Mentions l\u00e9gales"},"content":{"rendered":"<section  class='av_textblock_section av-kfdxx6zo-3eda9e8d0b2ad6fada93fd5f2fe01f36 '   itemscope=\"itemscope\" itemtype=\"https:\/\/schema.org\/CreativeWork\" ><div class='avia_textblock'  itemprop=\"text\" ><h1><span style=\"color: #00b3ef;\">MENTIONS L\u00c9GALES<\/span><\/h1>\n<p><strong><span class=\"VIiyi\" lang=\"fr\"><span class=\"JLqJ4b ChMk0b\" data-language-for-alternatives=\"fr\" data-language-to-translate-into=\"de\" data-phrase-index=\"0\">Adresse de contact<\/span><\/span><\/strong><\/p>\n<p>Zenag Druckluft-, Notstrom- &amp; Schweisstechnik GmbH<br \/>\nKantonsstrasse 331<br \/>\n3900 Gamsen<br \/>\nSuisse<\/p>\n<p>E-Mail:<br \/>\nz&#101;&#110;&#97;&#x67;&#x40;&#x7a;en&#97;&#103;&#x2e;&#x63;&#x68;<\/p>\n<p><strong><span class=\"VIiyi\" lang=\"fr\"><span class=\"JLqJ4b ChMk0b\" data-language-for-alternatives=\"fr\" data-language-to-translate-into=\"de\" data-phrase-index=\"0\">Repr\u00e9sentant(s) autoris\u00e9(s)<\/span><\/span> <\/strong><\/p>\n<p>Bernhard Zenh\u00e4usern, p<span class=\"VIiyi\" lang=\"fr\"><span class=\"JLqJ4b ChMk0b\" data-language-for-alternatives=\"fr\" data-language-to-translate-into=\"de\" data-phrase-index=\"0\">ropri\u00e9taire d&rsquo;entreprise<\/span><\/span><\/p>\n<p><strong><span class=\"VIiyi\" lang=\"fr\"><span class=\"JLqJ4b ChMk0b\" data-language-for-alternatives=\"fr\" data-language-to-translate-into=\"de\" data-phrase-index=\"0\">Inscription au registre du commerce<\/span><\/span>\u00a0<\/strong><\/p>\n<p><span class=\"VIiyi\" lang=\"fr\"><span class=\"JLqJ4b ChMk0b\" data-language-for-alternatives=\"fr\" data-language-to-translate-into=\"de\" data-phrase-index=\"0\">Nom de l&rsquo;entreprise enregistr\u00e9e<\/span><\/span>: Zenag Druckluft-, Notstrom- &amp; Schweisstechnik GmbH, <span class=\"VIiyi\" lang=\"fr\"><span class=\"JLqJ4b ChMk0b\" data-language-for-alternatives=\"fr\" data-language-to-translate-into=\"de\" data-phrase-index=\"0\">registre du commerce<\/span><\/span> no.: CHE-112.420.674<\/p>\n<p><strong><span class=\"VIiyi\" lang=\"fr\"><span class=\"JLqJ4b ChMk0b\" data-language-for-alternatives=\"fr\" data-language-to-translate-into=\"de\" data-phrase-index=\"0\">Num\u00e9ro de TVA<\/span><\/span>\u00a0<\/strong><br \/>\nCHE-112.420.674 MWST<\/p>\n<p><strong><span class=\"VIiyi\" lang=\"fr\"><span class=\"JLqJ4b ChMk0b\" data-language-for-alternatives=\"fr\" data-language-to-translate-into=\"de\" data-phrase-index=\"0\">Clause de non-responsabilit\u00e9<\/span><\/span>\u00a0<\/strong><\/p>\n<p><span class=\"VIiyi\" lang=\"fr\"><span class=\"JLqJ4b ChMk0b\" data-language-for-alternatives=\"fr\" data-language-to-translate-into=\"de\" data-phrase-index=\"0\">L&rsquo;auteur d\u00e9cline toute responsabilit\u00e9 quant \u00e0 l&rsquo;exactitude, l&rsquo;exactitude, l&rsquo;actualit\u00e9, la fiabilit\u00e9 et l&rsquo;exhaustivit\u00e9 des informations.<\/span> <\/span><\/p>\n<p><span class=\"VIiyi\" lang=\"fr\"><span class=\"JLqJ4b ChMk0b\" data-language-for-alternatives=\"fr\" data-language-to-translate-into=\"de\" data-phrase-index=\"2\">Les r\u00e9clamations en responsabilit\u00e9 contre l&rsquo;auteur pour les dommages mat\u00e9riels ou immat\u00e9riels r\u00e9sultant de l&rsquo;acc\u00e8s, de l&rsquo;utilisation ou de la non-utilisation des informations publi\u00e9es, d&rsquo;une mauvaise utilisation de la connexion ou de dysfonctionnements techniques sont exclues.<\/span> <\/span><\/p>\n<p><span class=\"VIiyi\" lang=\"fr\"><span class=\"JLqJ4b ChMk0b\" data-language-for-alternatives=\"fr\" data-language-to-translate-into=\"de\" data-phrase-index=\"4\">Toutes les offres sont sans engagement.<\/span> <span class=\"JLqJ4b ChMk0b\" data-language-for-alternatives=\"fr\" data-language-to-translate-into=\"de\" data-phrase-index=\"5\">L&rsquo;auteur se r\u00e9serve express\u00e9ment le droit de modifier, compl\u00e9ter ou supprimer des parties des pages ou l&rsquo;ensemble de l&rsquo;offre sans pr\u00e9avis, ou de cesser temporairement ou d\u00e9finitivement la publication.<\/span><\/span><\/p>\n<p><strong><span class=\"VIiyi\" lang=\"fr\"><span class=\"JLqJ4b ChMk0b\" data-language-for-alternatives=\"fr\" data-language-to-translate-into=\"de\" data-phrase-index=\"0\">Clause de non-responsabilit\u00e9 <\/span><\/span>pour les liens<\/strong><\/p>\n<p><span class=\"JLqJ4b ChMk0b\" data-language-for-alternatives=\"fr\" data-language-to-translate-into=\"de\" data-phrase-index=\"0\">Les r\u00e9f\u00e9rences et les liens vers des sites Web de tiers ne rel\u00e8vent pas de notre domaine de responsabilit\u00e9.<\/span> <span class=\"JLqJ4b ChMk0b\" data-language-for-alternatives=\"fr\" data-language-to-translate-into=\"de\" data-phrase-index=\"1\">Il a rejet\u00e9 toute responsabilit\u00e9 pour de tels sites Web.<\/span> <span class=\"JLqJ4b ChMk0b\" data-language-for-alternatives=\"fr\" data-language-to-translate-into=\"de\" data-phrase-index=\"2\">L&rsquo;acc\u00e8s et l&rsquo;utilisation de ces sites Web se font aux risques et p\u00e9rils de l&rsquo;utilisateur.<\/span><\/p>\n<p><strong><span class=\"VIiyi\" lang=\"fr\"><span class=\"JLqJ4b ChMk0b\" data-language-for-alternatives=\"fr\" data-language-to-translate-into=\"de\" data-phrase-index=\"0\">Droits d&rsquo;auteur<\/span><\/span>\u00a0<\/strong><\/p>\n<p>Les droits d&rsquo;auteur et tous les autres droits sur le contenu, les images, les photos ou autres fichiers de ce site web appartiennent exclusivement \u00e0 <strong>Zenag Druckluft-, Notstrom- &amp; Schweisstechnik GmbH<\/strong> <span class=\"JLqJ4b ChMk0b\" data-language-for-alternatives=\"fr\" data-language-to-translate-into=\"de\" data-phrase-index=\"0\">ou aux titulaires de droits sp\u00e9cifiquement nomm\u00e9s.<\/span> <span class=\"JLqJ4b ChMk0b\" data-language-for-alternatives=\"fr\" data-language-to-translate-into=\"de\" data-phrase-index=\"1\">Le consentement \u00e9crit du titulaire des droits d&rsquo;auteur doit \u00eatre obtenu au pr\u00e9alable pour la reproduction de tout \u00e9l\u00e9ment.<\/span><\/p>\n<p>Source: <a href=\"https:\/\/www.swissanwalt.ch\" target=\"_blank\" rel=\"noreferrer noopener\">SwissAnwalt<\/a><\/p>\n<\/div><\/section>\n","protected":false},"excerpt":{"rendered":"","protected":false},"author":4,"featured_media":0,"parent":923,"menu_order":3,"comment_status":"closed","ping_status":"closed","template":"","meta":{"footnotes":""},"class_list":["post-1295","page","type-page","status-publish","hentry"],"yoast_head":"<!-- This site is optimized with the Yoast SEO plugin v27.4 - https:\/\/yoast.com\/product\/yoast-seo-wordpress\/ -->\n<title>Mentions l\u00e9gales &#8211; ZENAG<\/title>\n<meta name=\"robots\" content=\"index, follow, max-snippet:-1, max-image-preview:large, max-video-preview:-1\" \/>\n<link rel=\"canonical\" href=\"https:\/\/zenag0.serviceteamwallis.ch\/fr\/contact\/mentions\/\" \/>\n<meta property=\"og:locale\" content=\"fr_FR\" \/>\n<meta property=\"og:type\" content=\"article\" \/>\n<meta property=\"og:title\" content=\"Mentions l\u00e9gales &#8211; ZENAG\" \/>\n<meta property=\"og:url\" content=\"https:\/\/zenag0.serviceteamwallis.ch\/fr\/contact\/mentions\/\" \/>\n<meta property=\"og:site_name\" content=\"ZENAG\" \/>\n<meta property=\"article:publisher\" content=\"https:\/\/www.facebook.com\/zenaggmbh\" \/>\n<meta property=\"article:modified_time\" content=\"2022-08-04T06:02:21+00:00\" \/>\n<meta property=\"og:image\" content=\"https:\/\/zenag0.serviceteamwallis.ch\/wp-content\/uploads\/2020\/10\/logo.png\" \/>\n\t<meta property=\"og:image:width\" content=\"300\" \/>\n\t<meta property=\"og:image:height\" content=\"363\" \/>\n\t<meta property=\"og:image:type\" content=\"image\/png\" \/>\n<meta name=\"twitter:card\" content=\"summary_large_image\" \/>\n<meta name=\"twitter:label1\" content=\"Dur\u00e9e de lecture estim\u00e9e\" \/>\n\t<meta name=\"twitter:data1\" content=\"2 minutes\" \/>\n<script type=\"application\/ld+json\" class=\"yoast-schema-graph\">{\"@context\":\"https:\\\/\\\/schema.org\",\"@graph\":[{\"@type\":\"WebPage\",\"@id\":\"https:\\\/\\\/zenag0.serviceteamwallis.ch\\\/fr\\\/contact\\\/mentions\\\/\",\"url\":\"https:\\\/\\\/zenag0.serviceteamwallis.ch\\\/fr\\\/contact\\\/mentions\\\/\",\"name\":\"Mentions l\u00e9gales &#8211; ZENAG\",\"isPartOf\":{\"@id\":\"https:\\\/\\\/zenag0.serviceteamwallis.ch\\\/fr\\\/#website\"},\"datePublished\":\"2020-09-23T14:19:42+00:00\",\"dateModified\":\"2022-08-04T06:02:21+00:00\",\"breadcrumb\":{\"@id\":\"https:\\\/\\\/zenag0.serviceteamwallis.ch\\\/fr\\\/contact\\\/mentions\\\/#breadcrumb\"},\"inLanguage\":\"fr-FR\",\"potentialAction\":[{\"@type\":\"ReadAction\",\"target\":[\"https:\\\/\\\/zenag0.serviceteamwallis.ch\\\/fr\\\/contact\\\/mentions\\\/\"]}]},{\"@type\":\"BreadcrumbList\",\"@id\":\"https:\\\/\\\/zenag0.serviceteamwallis.ch\\\/fr\\\/contact\\\/mentions\\\/#breadcrumb\",\"itemListElement\":[{\"@type\":\"ListItem\",\"position\":1,\"name\":\"Startseite\",\"item\":\"https:\\\/\\\/zenag0.serviceteamwallis.ch\\\/fr\\\/\"},{\"@type\":\"ListItem\",\"position\":2,\"name\":\"Contact\",\"item\":\"https:\\\/\\\/zenag0.serviceteamwallis.ch\\\/fr\\\/contact\\\/\"},{\"@type\":\"ListItem\",\"position\":3,\"name\":\"Mentions l\u00e9gales\"}]},{\"@type\":\"WebSite\",\"@id\":\"https:\\\/\\\/zenag0.serviceteamwallis.ch\\\/fr\\\/#website\",\"url\":\"https:\\\/\\\/zenag0.serviceteamwallis.ch\\\/fr\\\/\",\"name\":\"ZENAG\",\"description\":\"Druckluft-, Notstrom- &amp; Schweisstechnik\",\"publisher\":{\"@id\":\"https:\\\/\\\/zenag0.serviceteamwallis.ch\\\/fr\\\/#organization\"},\"potentialAction\":[{\"@type\":\"SearchAction\",\"target\":{\"@type\":\"EntryPoint\",\"urlTemplate\":\"https:\\\/\\\/zenag0.serviceteamwallis.ch\\\/fr\\\/?s={search_term_string}\"},\"query-input\":{\"@type\":\"PropertyValueSpecification\",\"valueRequired\":true,\"valueName\":\"search_term_string\"}}],\"inLanguage\":\"fr-FR\"},{\"@type\":\"Organization\",\"@id\":\"https:\\\/\\\/zenag0.serviceteamwallis.ch\\\/fr\\\/#organization\",\"name\":\"Zenag Druckluft-, Notstrom- & Schweisstechnik GmbH\",\"url\":\"https:\\\/\\\/zenag0.serviceteamwallis.ch\\\/fr\\\/\",\"logo\":{\"@type\":\"ImageObject\",\"inLanguage\":\"fr-FR\",\"@id\":\"https:\\\/\\\/zenag0.serviceteamwallis.ch\\\/fr\\\/#\\\/schema\\\/logo\\\/image\\\/\",\"url\":\"https:\\\/\\\/zenag.ch\\\/wp-content\\\/uploads\\\/2020\\\/10\\\/logo.png\",\"contentUrl\":\"https:\\\/\\\/zenag.ch\\\/wp-content\\\/uploads\\\/2020\\\/10\\\/logo.png\",\"width\":300,\"height\":363,\"caption\":\"Zenag Druckluft-, Notstrom- & Schweisstechnik GmbH\"},\"image\":{\"@id\":\"https:\\\/\\\/zenag0.serviceteamwallis.ch\\\/fr\\\/#\\\/schema\\\/logo\\\/image\\\/\"},\"sameAs\":[\"https:\\\/\\\/www.facebook.com\\\/zenaggmbh\",\"https:\\\/\\\/www.instagram.com\\\/zenag1_gmbh\\\/\",\"https:\\\/\\\/www.linkedin.com\\\/company\\\/65187570\\\/\"]}]}<\/script>\n<!-- \/ Yoast SEO plugin. -->","yoast_head_json":{"title":"Mentions l\u00e9gales &#8211; ZENAG","robots":{"index":"index","follow":"follow","max-snippet":"max-snippet:-1","max-image-preview":"max-image-preview:large","max-video-preview":"max-video-preview:-1"},"canonical":"https:\/\/zenag0.serviceteamwallis.ch\/fr\/contact\/mentions\/","og_locale":"fr_FR","og_type":"article","og_title":"Mentions l\u00e9gales &#8211; ZENAG","og_url":"https:\/\/zenag0.serviceteamwallis.ch\/fr\/contact\/mentions\/","og_site_name":"ZENAG","article_publisher":"https:\/\/www.facebook.com\/zenaggmbh","article_modified_time":"2022-08-04T06:02:21+00:00","og_image":[{"width":300,"height":363,"url":"https:\/\/zenag0.serviceteamwallis.ch\/wp-content\/uploads\/2020\/10\/logo.png","type":"image\/png"}],"twitter_card":"summary_large_image","twitter_misc":{"Dur\u00e9e de lecture estim\u00e9e":"2 minutes"},"schema":{"@context":"https:\/\/schema.org","@graph":[{"@type":"WebPage","@id":"https:\/\/zenag0.serviceteamwallis.ch\/fr\/contact\/mentions\/","url":"https:\/\/zenag0.serviceteamwallis.ch\/fr\/contact\/mentions\/","name":"Mentions l\u00e9gales &#8211; ZENAG","isPartOf":{"@id":"https:\/\/zenag0.serviceteamwallis.ch\/fr\/#website"},"datePublished":"2020-09-23T14:19:42+00:00","dateModified":"2022-08-04T06:02:21+00:00","breadcrumb":{"@id":"https:\/\/zenag0.serviceteamwallis.ch\/fr\/contact\/mentions\/#breadcrumb"},"inLanguage":"fr-FR","potentialAction":[{"@type":"ReadAction","target":["https:\/\/zenag0.serviceteamwallis.ch\/fr\/contact\/mentions\/"]}]},{"@type":"BreadcrumbList","@id":"https:\/\/zenag0.serviceteamwallis.ch\/fr\/contact\/mentions\/#breadcrumb","itemListElement":[{"@type":"ListItem","position":1,"name":"Startseite","item":"https:\/\/zenag0.serviceteamwallis.ch\/fr\/"},{"@type":"ListItem","position":2,"name":"Contact","item":"https:\/\/zenag0.serviceteamwallis.ch\/fr\/contact\/"},{"@type":"ListItem","position":3,"name":"Mentions l\u00e9gales"}]},{"@type":"WebSite","@id":"https:\/\/zenag0.serviceteamwallis.ch\/fr\/#website","url":"https:\/\/zenag0.serviceteamwallis.ch\/fr\/","name":"ZENAG","description":"Druckluft-, Notstrom- &amp; Schweisstechnik","publisher":{"@id":"https:\/\/zenag0.serviceteamwallis.ch\/fr\/#organization"},"potentialAction":[{"@type":"SearchAction","target":{"@type":"EntryPoint","urlTemplate":"https:\/\/zenag0.serviceteamwallis.ch\/fr\/?s={search_term_string}"},"query-input":{"@type":"PropertyValueSpecification","valueRequired":true,"valueName":"search_term_string"}}],"inLanguage":"fr-FR"},{"@type":"Organization","@id":"https:\/\/zenag0.serviceteamwallis.ch\/fr\/#organization","name":"Zenag Druckluft-, Notstrom- & Schweisstechnik GmbH","url":"https:\/\/zenag0.serviceteamwallis.ch\/fr\/","logo":{"@type":"ImageObject","inLanguage":"fr-FR","@id":"https:\/\/zenag0.serviceteamwallis.ch\/fr\/#\/schema\/logo\/image\/","url":"https:\/\/zenag.ch\/wp-content\/uploads\/2020\/10\/logo.png","contentUrl":"https:\/\/zenag.ch\/wp-content\/uploads\/2020\/10\/logo.png","width":300,"height":363,"caption":"Zenag Druckluft-, Notstrom- & Schweisstechnik GmbH"},"image":{"@id":"https:\/\/zenag0.serviceteamwallis.ch\/fr\/#\/schema\/logo\/image\/"},"sameAs":["https:\/\/www.facebook.com\/zenaggmbh","https:\/\/www.instagram.com\/zenag1_gmbh\/","https:\/\/www.linkedin.com\/company\/65187570\/"]}]}},"_links":{"self":[{"href":"https:\/\/zenag0.serviceteamwallis.ch\/fr\/wp-json\/wp\/v2\/pages\/1295","targetHints":{"allow":["GET"]}}],"collection":[{"href":"https:\/\/zenag0.serviceteamwallis.ch\/fr\/wp-json\/wp\/v2\/pages"}],"about":[{"href":"https:\/\/zenag0.serviceteamwallis.ch\/fr\/wp-json\/wp\/v2\/types\/page"}],"author":[{"embeddable":true,"href":"https:\/\/zenag0.serviceteamwallis.ch\/fr\/wp-json\/wp\/v2\/users\/4"}],"replies":[{"embeddable":true,"href":"https:\/\/zenag0.serviceteamwallis.ch\/fr\/wp-json\/wp\/v2\/comments?post=1295"}],"version-history":[{"count":14,"href":"https:\/\/zenag0.serviceteamwallis.ch\/fr\/wp-json\/wp\/v2\/pages\/1295\/revisions"}],"predecessor-version":[{"id":4599,"href":"https:\/\/zenag0.serviceteamwallis.ch\/fr\/wp-json\/wp\/v2\/pages\/1295\/revisions\/4599"}],"up":[{"embeddable":true,"href":"https:\/\/zenag0.serviceteamwallis.ch\/fr\/wp-json\/wp\/v2\/pages\/923"}],"wp:attachment":[{"href":"https:\/\/zenag0.serviceteamwallis.ch\/fr\/wp-json\/wp\/v2\/media?parent=1295"}],"curies":[{"name":"wp","href":"https:\/\/api.w.org\/{rel}","templated":true}]}}